{"id":2,"date":"2025-12-09T22:13:40","date_gmt":"2025-12-09T15:13:40","guid":{"rendered":"https:\/\/www.demo.vietnamweb.asia\/?page_id=2"},"modified":"2025-12-09T22:20:12","modified_gmt":"2025-12-09T15:20:12","slug":"trang-chu","status":"publish","type":"page","link":"https:\/\/neo7979.net\/","title":{"rendered":"Neo7979 one &#8211; Trang Ch\u1ee7 Neo79 | Th\u01b0\u1edfng H\u1ed9i Vi\u00ean M\u1edbi N\u1ea1p \u0110\u1ea7u \u0110\u1ebfn 100%"},"content":{"rendered":"<h2><span style=\"font-size: 110%; color: #f99b1c;\"><strong>TRANG CH\u1ee6 \u0110\u0102NG NH\u1eacP NH\u00c0 C\u00c1I NEO79<\/strong><\/span><\/h2>\n<p>Link trang t\u1ed5ng v\u00e0o Neo7979 one ch\u00ednh th\u1ee9c c\u1eadp nh\u1eadt ng\u00e0y h\u00f4m nay m\u1edbi nh\u1ea5t:<\/p>\n<div class=\"row row-small\"  id=\"row-554611165\">\n\n\t<div id=\"col-2002024373\" class=\"col medium-4 small-12 large-4\"  >\n\t\t\t\t<div class=\"col-inner\"  >\n\t\t\t\n\t\t\t\n\t<div class=\"img has-hover x md-x lg-x y md-y lg-y\" id=\"image_1962918748\">\n\t\t<a class=\"\" href=\"https:\/\/te8qc2.pro\/24z7\" >\t\t\t\t\t\t<div class=\"img-inner dark\" >\n\t\t\t<img loading=\"lazy\" decoding=\"async\" width=\"400\" height=\"188\" src=\"https:\/\/neo7979.net\/wp-content\/uploads\/2025\/03\/dang-ky.webp\" class=\"attachment-original size-original\" alt=\"\u0110\u0103ng k\u00fd nh\u00e0 c\u00e1i\" srcset=\"https:\/\/neo7979.net\/wp-content\/uploads\/2025\/03\/dang-ky.webp 400w, https:\/\/neo7979.net\/wp-content\/uploads\/2025\/03\/dang-ky-300x141.webp 300w\" sizes=\"auto, (max-width: 400px) 100vw, 400px\" \/>\t\t\t\t\t\t\n\t\t\t\t\t<\/div>\n\t\t\t\t\t\t<\/a>\t\t\n<style>\n#image_1962918748 {\n  width: 100%;\n}\n<\/style>\n\t<\/div>\n\t\n\t\t<\/div>\n\t\t\t\t\t<\/div>\n\n\t\n\n\t<div id=\"col-439241806\" class=\"col medium-4 small-12 large-4\"  >\n\t\t\t\t<div class=\"col-inner\"  >\n\t\t\t\n\t\t\t\n\t<div class=\"img has-hover x md-x lg-x y md-y lg-y\" id=\"image_431942800\">\n\t\t<a class=\"\" href=\"https:\/\/te8qc2.pro\/24z7\" >\t\t\t\t\t\t<div class=\"img-inner dark\" >\n\t\t\t<img loading=\"lazy\" decoding=\"async\" width=\"400\" height=\"188\" src=\"https:\/\/neo7979.net\/wp-content\/uploads\/2025\/03\/dang-nhap.webp\" class=\"attachment-original size-original\" alt=\"\u0110\u0103ng nh\u1eadp t\u1ea3i app\" srcset=\"https:\/\/neo7979.net\/wp-content\/uploads\/2025\/03\/dang-nhap.webp 400w, https:\/\/neo7979.net\/wp-content\/uploads\/2025\/03\/dang-nhap-300x141.webp 300w\" sizes=\"auto, (max-width: 400px) 100vw, 400px\" \/>\t\t\t\t\t\t\n\t\t\t\t\t<\/div>\n\t\t\t\t\t\t<\/a>\t\t\n<style>\n#image_431942800 {\n  width: 100%;\n}\n<\/style>\n\t<\/div>\n\t\n\t\t<\/div>\n\t\t\t\t\t<\/div>\n\n\t\n\n\t<div id=\"col-81902100\" class=\"col medium-4 small-12 large-4\"  >\n\t\t\t\t<div class=\"col-inner\"  >\n\t\t\t\n\t\t\t\n\t<div class=\"img has-hover x md-x lg-x y md-y lg-y\" id=\"image_884497365\">\n\t\t<a class=\"\" href=\"https:\/\/te8qc2.pro\/24z7\" >\t\t\t\t\t\t<div class=\"img-inner dark\" >\n\t\t\t<img loading=\"lazy\" decoding=\"async\" width=\"400\" height=\"188\" src=\"https:\/\/neo7979.net\/wp-content\/uploads\/2025\/03\/khuyen-mai.webp\" class=\"attachment-original size-original\" alt=\"Khuy\u1ebfn m\u00e3i th\u00e0nh vi\u00ean\" srcset=\"https:\/\/neo7979.net\/wp-content\/uploads\/2025\/03\/khuyen-mai.webp 400w, https:\/\/neo7979.net\/wp-content\/uploads\/2025\/03\/khuyen-mai-300x141.webp 300w\" sizes=\"auto, (max-width: 400px) 100vw, 400px\" \/>\t\t\t\t\t\t\n\t\t\t\t\t<\/div>\n\t\t\t\t\t\t<\/a>\t\t\n<style>\n#image_884497365 {\n  width: 100%;\n}\n<\/style>\n\t<\/div>\n\t\n\t\t<\/div>\n\t\t\t\t\t<\/div>\n\n\t\n<\/div>\n\t<div id=\"gap-624023219\" class=\"gap-element clearfix\" style=\"display:block; height:auto;\">\n\t\t\n<style>\n#gap-624023219 {\n  padding-top: 16px;\n}\n<\/style>\n\t<\/div>\n\t\n\t<div id=\"gap-1372331672\" class=\"gap-element clearfix\" style=\"display:block; height:auto;\">\n\t\t\n<style>\n#gap-1372331672 {\n  padding-top: 15px;\n}\n<\/style>\n\t<\/div>\n\t\n<p><em><strong>Disclaimer (Tuy\u00ean b\u1ed1 mi\u1ec5n tr\u1eeb):<\/strong><\/em> To\u00e0n b\u1ed9 n\u1ed9i dung t\u1ea1i Neo7979.net \u0111\u01b0\u1ee3c x\u00e2y d\u1ef1ng nh\u1eb1m h\u1ed7 tr\u1ee3 ki\u1ebfn th\u1ee9c cho ng\u01b0\u1eddi tr\u00ean 18 tu\u1ed5i c\u01b0 tr\u00fa ngo\u00e0i Vi\u1ec7t Nam. Th\u00f4ng tin \u0111\u01b0\u1ee3c \u0111\u0103ng t\u1ea3i t\u1ea1i Neo7979 app kh\u00f4ng ph\u1ea3i l\u00e0 l\u1eddi khuy\u00ean sinh l\u1eddi ho\u1eb7c \u0111\u1ec1 xu\u1ea5t \u0111\u1ea7u t\u01b0. B\u1ea5t k\u1ef3 t\u1ed5n th\u1ea5t ti\u1ec1n b\u1ea1c n\u00e0o ph\u00e1t sinh t\u1eeb vi\u1ec7c khai th\u00e1c th\u00f4ng tin \u0111\u1ec1u do ng\u01b0\u1eddi d\u00f9ng t\u1ef1 ch\u1ecbu tr\u00e1ch nhi\u1ec7m.<\/p>\n<h2 class=\"tieu-de uppercase\"><span style=\"color: #3366ff;\"><strong>FAQ &#8211; Gi\u1ea3i \u0111\u00e1p th\u1eafc m\u1eafc v\u1ec1 nh\u00e0 c\u00e1i NEO79<\/strong><\/span><\/h2>\n<div class=\"accordion\"><\/div>\n\t<div id=\"accordion-4016652534\" class=\"accordion-item\">\n\t\t<a id=\"accordion-4016652534-label\" class=\"accordion-title plain\" href=\"#accordion-item-\u0110\u0103ng-nh\u1eadp-&#038;-\u0110\u0103ng-k\u00fd-neo7979-.casino-tr\u00ean-trang-n\u00e0o?\" aria-expanded=\"false\" aria-controls=\"accordion-4016652534-content\" >\n\t\t\t<button class=\"toggle\" aria-label=\"Chuy\u1ec3n \u0111\u1ed5i\"><i class=\"icon-angle-down\"><\/i><\/button>\n\t\t\t<span>\u0110\u0103ng nh\u1eadp &amp; \u0110\u0103ng k\u00fd Neo7979 .casino tr\u00ean trang n\u00e0o?<\/span>\n\t\t<\/a>\n\t\t<div id=\"accordion-4016652534-content\" class=\"accordion-inner\" aria-labelledby=\"accordion-4016652534-label\" >\n\t\t\t\n<p><span style=\"color: #3366ff;\">C\u00e1c trang \u0111\u0103ng nh\u1eadp v\u00e0 \u0111\u0103ng k\u00fd t\u00e0i kho\u1ea3n Neo7979. com:<\/span><\/p>\n<ul>\n<li><span style=\"color: #3366ff;\">Neo797 9.casino<\/span><\/li>\n<li><span style=\"color: #3366ff;\">Neo79 79.com<\/span><\/li>\n<li><span style=\"color: #3366ff;\">Neo7979 . pro<\/span><\/li>\n<li><span style=\"color: #3366ff;\">Neo7979.game<\/span><\/li>\n<li><span style=\"color: #3366ff;\">Neo797 9.bet<\/span><\/li>\n<\/ul>\n<p>#trangchuneo79 #dangnhapneo79 #dangkyneo79 #taiappneo79 #appneo79 #neo79bet #neo79casino<\/p>\n<p>#trangchuneo7979 #dangnhapneo7979 #dangkyneo7979 #taiappneo7979 #appneo7979 #neo7979bet #neo7979casino<\/p>\n\t\t<\/div>\n\t<\/div>\n\t\n\t<div id=\"accordion-1240514277\" class=\"accordion-item\">\n\t\t<a id=\"accordion-1240514277-label\" class=\"accordion-title plain\" href=\"#accordion-item-h\u00ecnh-th\u1ee9c-giao-d\u1ecbch-ch\u00ednh-tr\u00ean-neo7979-com?\" aria-expanded=\"false\" aria-controls=\"accordion-1240514277-content\" >\n\t\t\t<button class=\"toggle\" aria-label=\"Chuy\u1ec3n \u0111\u1ed5i\"><i class=\"icon-angle-down\"><\/i><\/button>\n\t\t\t<span>H\u00ecnh th\u1ee9c giao d\u1ecbch ch\u00ednh tr\u00ean Neo7979 com?<\/span>\n\t\t<\/a>\n\t\t<div id=\"accordion-1240514277-content\" class=\"accordion-inner\" aria-labelledby=\"accordion-1240514277-label\" >\n\t\t\t\n<p><span style=\"color: #3366ff;\">Trang ch\u1ee7 Neo79 game h\u1ed7 tr\u1ee3 h\u00ecnh th\u1ee9c giao d\u1ecbch<\/span><\/p>\n<ul>\n<li><span style=\"color: #3366ff;\">Giao \u0111\u1ecbch b\u1eb1ng s\u1ed1 t\u00e0i kho\u1ea3n ng\u00e2n h\u00e0ng<\/span><\/li>\n<li><span style=\"color: #3366ff;\">Giao d\u1ecbch b\u1eb1ng thi\u1ebft l\u1eadp m\u00e3 QR<\/span><\/li>\n<li><span style=\"color: #3366ff;\">Giao d\u1ecbch qua v\u00ed \u0111i\u1ec7n t\u1eed ( Momo, Viettel Pay, zalo Pay..)<\/span><\/li>\n<li><span style=\"color: #3366ff;\">Giao d\u1ecbch qua v\u00ed ti\u1ec1n \u1ea3o ( USDT).<\/span><\/li>\n<\/ul>\n\t\t<\/div>\n\t<\/div>\n\t\n\t<div id=\"accordion-225944199\" class=\"accordion-item\">\n\t\t<a id=\"accordion-225944199-label\" class=\"accordion-title plain\" href=\"#accordion-item-d\u1ecbch-v\u1ee5-cskh-t\u1ea1i-neo797-9-.bet-c\u00f3-t\u1ed1t-kh\u00f4ng?\" aria-expanded=\"false\" aria-controls=\"accordion-225944199-content\" >\n\t\t\t<button class=\"toggle\" aria-label=\"Chuy\u1ec3n \u0111\u1ed5i\"><i class=\"icon-angle-down\"><\/i><\/button>\n\t\t\t<span>D\u1ecbch v\u1ee5 CSKH t\u1ea1i Neo797 9 .bet c\u00f3 t\u1ed1t kh\u00f4ng?<\/span>\n\t\t<\/a>\n\t\t<div id=\"accordion-225944199-content\" class=\"accordion-inner\" aria-labelledby=\"accordion-225944199-label\" >\n\t\t\t\n<p><span style=\"color: #3366ff;\">CSKH t\u1ea1i trang Neo79 \u0111\u01b0\u1ee3c \u0111\u00e0o t\u1ea1o chuy\u00ean nghi\u1ec7p \u1ee9ng ph\u00f3 x\u1eed l\u00fd t\u00ecnh hu\u1ed1ng nhanh, giao ti\u1ebfp l\u1ecbch s\u1ef1 t\u00f4n tr\u1ecdng ng\u01b0\u1eddi ch\u01a1i. Ho\u1ea1t \u0111\u1ed9ng 24\/24 ch\u1ec9 c\u1ea7n ng\u01b0\u1eddi ch\u01a1i li\u00ean h\u1ec7 s\u1ebd \u0111\u01b0\u1ee3c h\u1ed7 tr\u1ee3 ngay l\u1eadp t\u1ee9c \u0111em \u0111\u1ebfn tr\u1ea3i nghi\u1ec7m t\u1ed1t nh\u1ea5t cho ng\u01b0\u1eddi ch\u01a1i.<\/span><\/p>\n\t\t<\/div>\n\t<\/div>\n\t\n\t<div id=\"accordion-1464696851\" class=\"accordion-item\">\n\t\t<a id=\"accordion-1464696851-label\" class=\"accordion-title plain\" href=\"#accordion-item-c\u00f3-r\u00fat-\u0111\u01b0\u1ee3c-ti\u1ec1n-tr\u00ean-neo79-game-kh\u00f4ng?\" aria-expanded=\"false\" aria-controls=\"accordion-1464696851-content\" >\n\t\t\t<button class=\"toggle\" aria-label=\"Chuy\u1ec3n \u0111\u1ed5i\"><i class=\"icon-angle-down\"><\/i><\/button>\n\t\t\t<span>C\u00f3 r\u00fat \u0111\u01b0\u1ee3c ti\u1ec1n tr\u00ean Neo79 game kh\u00f4ng?<\/span>\n\t\t<\/a>\n\t\t<div id=\"accordion-1464696851-content\" class=\"accordion-inner\" aria-labelledby=\"accordion-1464696851-label\" >\n\t\t\t\n<p><span style=\"color: #3366ff;\">Ng\u01b0\u1eddi ch\u01a1i ho\u00e0n to\u00e0n r\u00fat \u0111\u01b0\u1ee3c ti\u1ec1n khi \u0111\u00e3 \u0111\u1ee7 \u0111i\u1ec1u ki\u1ec7n theo quy \u0111\u1ecbnh ( ho\u00e0n th\u00e0nh s\u1ed1 v\u00f2ng c\u01b0\u1ee3c theo quy \u0111\u1ecbnh v\u00e0 s\u1ef1 ki\u1ec7n khuy\u1ebfn m\u00e3i). Giao d\u1ecbch kh\u00f4ng m\u1ea5t ph\u00ed th\u1eddi gian x\u1eed l\u00fd ch\u1ec9 t\u1eeb 1 &#8211; 5 ph\u00fat.<\/span><\/p>\n\t\t<\/div>\n\t<\/div>\n\t\n<p>&nbsp;<\/p>\n","protected":false},"excerpt":{"rendered":"<p>TRANG CH\u1ee6 \u0110\u0102NG NH\u1eacP NH\u00c0 C\u00c1I NEO79 Link trang t\u1ed5ng v\u00e0o Neo7979 one ch\u00ednh th\u1ee9c c\u1eadp nh\u1eadt ng\u00e0y h\u00f4m nay m\u1edbi nh\u1ea5t: Disclaimer (Tuy\u00ean b\u1ed1 mi\u1ec5n tr\u1eeb): To\u00e0n b\u1ed9 n\u1ed9i dung t\u1ea1i Neo7979.net \u0111\u01b0\u1ee3c x\u00e2y d\u1ef1ng nh\u1eb1m h\u1ed7 tr\u1ee3 ki\u1ebfn th\u1ee9c cho ng\u01b0\u1eddi tr\u00ean 18 tu\u1ed5i c\u01b0 tr\u00fa ngo\u00e0i Vi\u1ec7t Nam. Th\u00f4ng tin \u0111\u01b0\u1ee3c \u0111\u0103ng&#8230;<\/p>\n","protected":false},"author":1,"featured_media":0,"parent":0,"menu_order":0,"comment_status":"closed","ping_status":"open","template":"page-right-sidebar.php","meta":{"footnotes":""},"class_list":["post-2","page","type-page","status-publish","hentry"],"_links":{"self":[{"href":"https:\/\/neo7979.net\/index.php?rest_route=\/wp\/v2\/pages\/2","targetHints":{"allow":["GET"]}}],"collection":[{"href":"https:\/\/neo7979.net\/index.php?rest_route=\/wp\/v2\/pages"}],"about":[{"href":"https:\/\/neo7979.net\/index.php?rest_route=\/wp\/v2\/types\/page"}],"author":[{"embeddable":true,"href":"https:\/\/neo7979.net\/index.php?rest_route=\/wp\/v2\/users\/1"}],"replies":[{"embeddable":true,"href":"https:\/\/neo7979.net\/index.php?rest_route=%2Fwp%2Fv2%2Fcomments&post=2"}],"version-history":[{"count":55,"href":"https:\/\/neo7979.net\/index.php?rest_route=\/wp\/v2\/pages\/2\/revisions"}],"predecessor-version":[{"id":633,"href":"https:\/\/neo7979.net\/index.php?rest_route=\/wp\/v2\/pages\/2\/revisions\/633"}],"wp:attachment":[{"href":"https:\/\/neo7979.net\/index.php?rest_route=%2Fwp%2Fv2%2Fmedia&parent=2"}],"curies":[{"name":"wp","href":"https:\/\/api.w.org\/{rel}","templated":true}]}}